{"id":10337,"date":"2023-07-09T13:59:52","date_gmt":"2023-07-09T13:59:52","guid":{"rendered":"https:\/\/devsedu.softatomic.com\/?page_id=10337"},"modified":"2025-12-01T22:28:09","modified_gmt":"2025-12-01T18:28:09","slug":"haqqimizda","status":"publish","type":"page","link":"https:\/\/tuvaustriaacademy.az\/en\/haqqimizda\/","title":{"rendered":"About Us"},"content":{"rendered":"<div data-elementor-type=\"wp-page\" data-elementor-id=\"10337\" class=\"elementor elementor-10337\">\n\t\t\t\t\t\t<section class=\"elementor-section elementor-top-section elementor-element elementor-element-d5afcd1 elementor-section-boxed elementor-section-height-default elementor-section-height-default\" data-id=\"d5afcd1\" data-element_type=\"section\" data-e-type=\"section\" data-settings=\"{&quot;background_background&quot;:&quot;classic&quot;}\">\n\t\t\t\t\t\t\t<div class=\"elementor-background-overlay\"><\/div>\n\t\t\t\t\t\t\t<div class=\"elementor-container elementor-column-gap-extended\">\n\t\t\t\t\t<div class=\"elementor-column elementor-col-100 elementor-top-column elementor-element elementor-element-de10dba elementor-invisible\" data-id=\"de10dba\" data-element_type=\"column\" data-e-type=\"column\" data-settings=\"{&quot;animation&quot;:&quot;edublink--slide-up&quot;,&quot;animation_delay&quot;:150}\">\n\t\t\t<div class=\"elementor-widget-wrap elementor-element-populated\">\n\t\t\t\t\t\t<div class=\"elementor-element elementor-element-f43df9f edublink-br-tl-none elementor-widget elementor-widget-heading\" data-id=\"f43df9f\" data-element_type=\"widget\" data-e-type=\"widget\" data-widget_type=\"heading.default\">\n\t\t\t\t\t<h3 class=\"elementor-heading-title elementor-size-default\">\nABOUT US<\/h3>\t\t\t\t<\/div>\n\t\t\t\t<div class=\"elementor-element elementor-element-c37c49d elementor-widget__width-initial elementor-widget elementor-widget-text-editor\" data-id=\"c37c49d\" data-element_type=\"widget\" data-e-type=\"widget\" data-widget_type=\"text-editor.default\">\n\t\t\t\t\t\t\t\t\t<p>TUV AUSTRIA was founded in 1872 in Vienna, Austria. With over 3,000 employees in more than 37 countries, the company provides services worldwide in testing, inspection, risk assessment, technical supervision, cybersecurity, data protection, certification, and training and education, serving our clients and partners.<\/p><p>TUV AUSTRIA operates based on Austria\u2019s National Accreditation as well as local accreditations in various countries. The company has special expertise in environmental protection, including the validation and verification of greenhouse gas emission reductions. TUV AUSTRIA AZERBAIJAN LLC, registered on September 22, 2017, is the official office of TUV AUSTRIA in the Republic of Azerbaijan.<\/p><p>TUV AUSTRIA AZERBAIJAN carries out assessment and certification activities, as well as inspections and testing, in accordance with EN and ISO standards based on national and international accreditations. In addition, since 2022, the company has been offering training under the name TUV AUSTRIA ACADEMY.<\/p>\t\t\t\t\t\t\t\t<\/div>\n\t\t\t\t\t<\/div>\n\t\t<\/div>\n\t\t\t\t\t<\/div>\n\t\t<\/section>\n\t\t\t\t<section class=\"elementor-section elementor-top-section elementor-element elementor-element-8c7ae55 elementor-section-boxed elementor-section-height-default elementor-section-height-default\" data-id=\"8c7ae55\" data-element_type=\"section\" data-e-type=\"section\">\n\t\t\t\t\t\t<div class=\"elementor-container elementor-column-gap-extended\">\n\t\t\t\t\t<div class=\"elementor-column elementor-col-50 elementor-top-column elementor-element elementor-element-7bb1a37\" data-id=\"7bb1a37\" data-element_type=\"column\" data-e-type=\"column\">\n\t\t\t<div class=\"elementor-widget-wrap elementor-element-populated\">\n\t\t\t\t\t\t<div class=\"elementor-element elementor-element-ecbd0c3 elementor-widget elementor-widget-edublink-heading\" data-id=\"ecbd0c3\" data-element_type=\"widget\" data-e-type=\"widget\" data-widget_type=\"edublink-heading.default\">\n\t\t\t\t<div class=\"elementor-widget-container\">\n\t\t\t\t\t<div class=\"edublink-section-heading\"><span class=\"pre-heading\">OUR PARTNERS<\/span><h3 class=\"heading\">Learn with Our Partners<\/h3><div class=\"title-shape\"><i class=\"icon-19\"><\/i><\/div><div class=\"sub-heading\"><p>Strong collaboration is our greatest advantage on the path to success. Together with our trusted partners, we provide you with broader opportunities and added value.<\/p><\/div><\/div>\t\t\t\t<\/div>\n\t\t\t\t<\/div>\n\t\t\t\t\t<\/div>\n\t\t<\/div>\n\t\t\t\t<div class=\"elementor-column elementor-col-50 elementor-top-column elementor-element elementor-element-f4d48ac\" data-id=\"f4d48ac\" data-element_type=\"column\" data-e-type=\"column\">\n\t\t\t<div class=\"elementor-widget-wrap elementor-element-populated\">\n\t\t\t\t\t\t<section class=\"elementor-section elementor-inner-section elementor-element elementor-element-3631fa5 elementor-section-full_width elementor-section-height-default elementor-section-height-default\" data-id=\"3631fa5\" data-element_type=\"section\" data-e-type=\"section\">\n\t\t\t\t\t\t<div class=\"elementor-container elementor-column-gap-no\">\n\t\t\t\t\t<div class=\"elementor-column elementor-col-100 elementor-inner-column elementor-element elementor-element-58c0893\" data-id=\"58c0893\" data-element_type=\"column\" data-e-type=\"column\" data-settings=\"{&quot;background_background&quot;:&quot;classic&quot;}\">\n\t\t\t<div class=\"elementor-widget-wrap elementor-element-populated\">\n\t\t\t\t\t\t<div class=\"elementor-element elementor-element-0996fcc elementor-widget elementor-widget-image\" data-id=\"0996fcc\" data-element_type=\"widget\" data-e-type=\"widget\" data-widget_type=\"image.default\">\n\t\t\t\t\t\t\t\t\t\t\t\t\t\t\t<img fetchpriority=\"high\" decoding=\"async\" width=\"458\" height=\"110\" src=\"https:\/\/tuvaustriaacademy.az\/wp-content\/uploads\/2025\/12\/images-692db448c75f1.webp\" class=\"attachment-full size-full wp-image-24321\" alt=\"\" srcset=\"https:\/\/tuvaustriaacademy.az\/wp-content\/uploads\/2025\/12\/images-692db448c75f1.webp 458w, https:\/\/tuvaustriaacademy.az\/wp-content\/uploads\/2025\/12\/images-692db448c75f1-300x72.webp 300w, https:\/\/tuvaustriaacademy.az\/wp-content\/uploads\/2025\/12\/images-692db448c75f1-18x4.webp 18w\" sizes=\"(max-width: 458px) 100vw, 458px\" \/>\t\t\t\t\t\t\t\t\t\t\t\t\t\t\t<\/div>\n\t\t\t\t\t<\/div>\n\t\t<\/div>\n\t\t\t\t\t<\/div>\n\t\t<\/section>\n\t\t\t\t<section class=\"elementor-section elementor-inner-section elementor-element elementor-element-41c3762 elementor-section-full_width elementor-section-height-default elementor-section-height-default\" data-id=\"41c3762\" data-element_type=\"section\" data-e-type=\"section\">\n\t\t\t\t\t\t<div class=\"elementor-container elementor-column-gap-no\">\n\t\t\t\t\t<div class=\"elementor-column elementor-col-100 elementor-inner-column elementor-element elementor-element-3595a6f\" data-id=\"3595a6f\" data-element_type=\"column\" data-e-type=\"column\" data-settings=\"{&quot;background_background&quot;:&quot;classic&quot;}\">\n\t\t\t<div class=\"elementor-widget-wrap elementor-element-populated\">\n\t\t\t\t\t\t<div class=\"elementor-element elementor-element-5cea025 elementor-widget elementor-widget-image\" data-id=\"5cea025\" data-element_type=\"widget\" data-e-type=\"widget\" data-widget_type=\"image.default\">\n\t\t\t\t\t\t\t\t\t\t\t\t\t\t\t<img decoding=\"async\" width=\"350\" height=\"116\" src=\"https:\/\/tuvaustriaacademy.az\/wp-content\/uploads\/2025\/12\/untitled-1-69-692db444e0db7-e1764603045206.webp\" class=\"attachment-full size-full wp-image-24322\" alt=\"\" srcset=\"https:\/\/tuvaustriaacademy.az\/wp-content\/uploads\/2025\/12\/untitled-1-69-692db444e0db7-e1764603045206.webp 350w, https:\/\/tuvaustriaacademy.az\/wp-content\/uploads\/2025\/12\/untitled-1-69-692db444e0db7-e1764603045206-300x99.webp 300w, https:\/\/tuvaustriaacademy.az\/wp-content\/uploads\/2025\/12\/untitled-1-69-692db444e0db7-e1764603045206-18x6.webp 18w\" sizes=\"(max-width: 350px) 100vw, 350px\" \/>\t\t\t\t\t\t\t\t\t\t\t\t\t\t\t<\/div>\n\t\t\t\t\t<\/div>\n\t\t<\/div>\n\t\t\t\t\t<\/div>\n\t\t<\/section>\n\t\t\t\t\t<\/div>\n\t\t<\/div>\n\t\t\t\t\t<\/div>\n\t\t<\/section>\n\t\t\t\t<\/div>","protected":false},"excerpt":{"rendered":"<p>HAQQIMIZDA T\u00dcV AUSTRIA 1872-ci ild\u0259 Avstriyan\u0131n Vyana \u015f\u0259h\u0259rind\u0259 t\u0259sis edilmi\u015fdir. 37-d\u0259n art\u0131q \u00f6lk\u0259d\u0259 3000-d\u0259n \u00e7ox \u0259m\u0259kda\u015f\u0131 olan \u015firk\u0259t d\u00fcnyada s\u0131naq, inspeksiya, riskl\u0259rin qiym\u0259tl\u0259ndirilm\u0259si, texniki n\u0259zar\u0259t, kiber t\u0259hl\u00fck\u0259sizlik, m\u0259lumatlar\u0131n qorunmas\u0131, sertifikatla\u015fd\u0131rma, h\u0259\u00e7minin t\u0259lim-t\u0259dris sah\u0259l\u0259rind\u0259 m\u00fc\u015ft\u0259ril\u0259rimiz v\u0259 partnyorlar\u0131m\u0131za xidm\u0259t g\u00f6st\u0259rir. T\u00dcV AUSTRIA f\u0259aliyy\u0259tini Avstriyan\u0131n Milli Akkreditasiyas\u0131, h\u0259m\u00e7inin \u00f6lk\u0259l\u0259r \u00fczr\u0259 yerli akkreditasiyalar \u0259sas\u0131nda h\u0259yata ke\u00e7irir. \u0130stixana qazlar\u0131n\u0131n emissiyas\u0131n\u0131n&#8230;<\/p>","protected":false},"author":1,"featured_media":0,"parent":0,"menu_order":0,"comment_status":"closed","ping_status":"closed","template":"","meta":{"_monsterinsights_skip_tracking":false,"_monsterinsights_sitenote_active":false,"_monsterinsights_sitenote_note":"","_monsterinsights_sitenote_category":0,"footnotes":""},"class_list":["post-10337","page","type-page","status-publish","hentry"],"_links":{"self":[{"href":"https:\/\/tuvaustriaacademy.az\/en\/wp-json\/wp\/v2\/pages\/10337","targetHints":{"allow":["GET"]}}],"collection":[{"href":"https:\/\/tuvaustriaacademy.az\/en\/wp-json\/wp\/v2\/pages"}],"about":[{"href":"https:\/\/tuvaustriaacademy.az\/en\/wp-json\/wp\/v2\/types\/page"}],"author":[{"embeddable":true,"href":"https:\/\/tuvaustriaacademy.az\/en\/wp-json\/wp\/v2\/users\/1"}],"replies":[{"embeddable":true,"href":"https:\/\/tuvaustriaacademy.az\/en\/wp-json\/wp\/v2\/comments?post=10337"}],"version-history":[{"count":17,"href":"https:\/\/tuvaustriaacademy.az\/en\/wp-json\/wp\/v2\/pages\/10337\/revisions"}],"predecessor-version":[{"id":24360,"href":"https:\/\/tuvaustriaacademy.az\/en\/wp-json\/wp\/v2\/pages\/10337\/revisions\/24360"}],"wp:attachment":[{"href":"https:\/\/tuvaustriaacademy.az\/en\/wp-json\/wp\/v2\/media?parent=10337"}],"curies":[{"name":"wp","href":"https:\/\/api.w.org\/{rel}","templated":true}]}}